{"id":724,"date":"2024-09-19T22:53:45","date_gmt":"2024-09-19T18:53:45","guid":{"rendered":"https:\/\/odellgold.com\/consultoria\/"},"modified":"2024-10-27T18:23:23","modified_gmt":"2024-10-27T14:23:23","slug":"consultoria","status":"publish","type":"page","link":"https:\/\/odellgold.com\/pt-pt\/consultoria\/","title":{"rendered":"Consultoria"},"content":{"rendered":"\n<h2 class=\"wp-block-heading has-x-large-font-size\"><strong>A nossa oferta de consultoria<\/strong><\/h2>\n\n<p class=\"wp-block-paragraph\">No mundo complexo e din\u00e2mico do com\u00e9rcio e explora\u00e7\u00e3o de metais preciosos, as empresas enfrentam frequentemente uma mir\u00edade de desafios que requerem orienta\u00e7\u00e3o e apoio especializados. Desde a navega\u00e7\u00e3o em intrincados regulamentos internacionais at\u00e9 \u00e0 otimiza\u00e7\u00e3o das cadeias de fornecimento e \u00e0 identifica\u00e7\u00e3o de compradores de confian\u00e7a, o caminho para o sucesso nesta ind\u00fastria est\u00e1 repleto de potenciais armadilhas. <\/p>\n\n<p class=\"wp-block-paragraph\">Os nossos servi\u00e7os de consultoria abrangentes foram concebidos para enfrentar estes desafios de frente, fornecendo aos clientes o conhecimento, as liga\u00e7\u00f5es e as estrat\u00e9gias de que necessitam para prosperar nos mercados globais do ouro e dos metais preciosos.<\/p>\n\n<p class=\"wp-block-paragraph\">Quer sejas uma empresa mineira que procura expandir o seu alcance, um comerciante que procura simplificar os seus processos ou um investidor que pretende tomar decis\u00f5es informadas no sector mineral, a nossa equipa de especialistas experientes est\u00e1 aqui para te orientar em cada passo do caminho.<\/p>\n\n<h3 class=\"wp-block-heading has-large-font-size\" id=\"ConsultingProcurement\"><strong>Aquisi\u00e7\u00e3o<\/strong><\/h3>\n\n<p class=\"wp-block-paragraph\">Os nossos servi\u00e7os de consultoria de aquisi\u00e7\u00e3o de ouro e metais preciosos s\u00e3o concebidos para ajudar os clientes a obter recursos de alta qualidade de forma eficiente e econ\u00f3mica. Aproveitamos a nossa extensa rede de fornecedores e um profundo conhecimento do mercado para identificar as melhores oportunidades de aquisi\u00e7\u00e3o para os nossos clientes. Os nossos especialistas ajudam a avaliar potenciais fornecedores, a negociar termos favor\u00e1veis e a garantir o cumprimento de normas e regulamentos internacionais. Tamb\u00e9m fornecemos orienta\u00e7\u00e3o sobre medidas de controlo de qualidade, ajudando os clientes a implementar sistemas robustos para verificar a autenticidade e a qualidade dos metais preciosos adquiridos. Al\u00e9m disso, a nossa equipa oferece informa\u00e7\u00f5es sobre as tend\u00eancias do mercado e as flutua\u00e7\u00f5es de pre\u00e7os, permitindo que os clientes tomem decis\u00f5es estrat\u00e9gicas de compra que optimizem a sua cadeia de fornecimento e maximizem a rentabilidade.    <\/p>\n\n<p class=\"wp-block-paragraph\">Quer pretendas assegurar um fornecimento est\u00e1vel de ouro, ferro, tit\u00e2nio, zinco ou cobre, os nossos servi\u00e7os de consultoria de aprovisionamento ajudar-te-\u00e3o a navegar com confian\u00e7a pelas complexidades do mercado global de ouro e metais.<\/p>\n\n<h3 class=\"wp-block-heading has-large-font-size\" id=\"ConsultingLogistics\"><strong>Log\u00edstica de minas e metais preciosos<\/strong><\/h3>\n\n<p class=\"wp-block-paragraph\">A log\u00edstica da explora\u00e7\u00e3o mineira e do transporte de metais preciosos apresenta desafios \u00fanicos que requerem conhecimentos especializados. Os nossos servi\u00e7os de consultoria em minera\u00e7\u00e3o e log\u00edstica foram concebidos para otimizar todas as fases do processo, desde a extra\u00e7\u00e3o at\u00e9 \u00e0 entrega. Come\u00e7amos por analisar as suas opera\u00e7\u00f5es actuais para identificar \u00e1reas de melhoria em termos de efici\u00eancia e rentabilidade. Os nossos especialistas fornecem orienta\u00e7\u00e3o sobre as melhores pr\u00e1ticas no planeamento de minas, t\u00e9cnicas de extra\u00e7\u00e3o e processamento no local para maximizar o rendimento e minimizar o impacto ambiental. Em termos de transporte, ajudamos os clientes a conceber e implementar estrat\u00e9gias log\u00edsticas robustas que garantam o movimento seguro e atempado de ouro e metais preciosos atrav\u00e9s das fronteiras. Isto inclui aconselhamento na sele\u00e7\u00e3o dos m\u00e9todos de transporte mais adequados, otimiza\u00e7\u00e3o de rotas, gest\u00e3o de procedimentos alfandeg\u00e1rios e implementa\u00e7\u00e3o de sistemas de rastreio para visibilidade em tempo real dos envios. Tamb\u00e9m prestamos assist\u00eancia na avalia\u00e7\u00e3o e mitiga\u00e7\u00e3o de riscos, ajudando os clientes a navegar por poss\u00edveis interrup\u00e7\u00f5es, como instabilidade geopol\u00edtica, mudan\u00e7as regulat\u00f3rias ou desastres naturais. Ao simplificar as tuas opera\u00e7\u00f5es de minera\u00e7\u00e3o e log\u00edstica, ajudamos-te a reduzir custos, a melhorar a fiabilidade e a ganhar uma vantagem competitiva no mercado global do ouro.       <\/p>\n\n<h3 class=\"wp-block-heading has-large-font-size\" id=\"ConsultingTrading\"><strong>Consultoria comercial<\/strong><\/h3>\n\n<p class=\"wp-block-paragraph\">Navegar pelos meandros do com\u00e9rcio internacional de ouro e metais requer n\u00e3o s\u00f3 uma compreens\u00e3o da din\u00e2mica do mercado, mas tamb\u00e9m uma rede de parceiros e compradores fi\u00e1veis. Os nossos servi\u00e7os de consultoria comercial foram concebidos para ajudar os clientes a expandir o seu alcance no mercado e a estabelecer liga\u00e7\u00f5es valiosas com compradores qualificados em todo o mundo. <\/p>\n\n<p class=\"wp-block-paragraph\">Come\u00e7amos por realizar uma an\u00e1lise exaustiva dos seus produtos, mercados-alvo e objectivos comerciais para desenvolver uma estrat\u00e9gia comercial personalizada. A nossa equipa fornece orienta\u00e7\u00e3o especializada sobre estrat\u00e9gias de pre\u00e7os, negocia\u00e7\u00f5es de contratos e gest\u00e3o de riscos em transac\u00e7\u00f5es internacionais. Tamb\u00e9m oferecemos informa\u00e7\u00f5es valiosas sobre as tend\u00eancias do mercado regional, ajudando-o a identificar oportunidades emergentes e a adaptar-se \u00e0s mudan\u00e7as nos padr\u00f5es de procura. Aproveitando a nossa extensa rede global, facilitamos a apresenta\u00e7\u00e3o a compradores controlados e de elevada qualidade, assegurando que se liga a parceiros que satisfazem os seus requisitos espec\u00edficos e partilham o seu compromisso com pr\u00e1ticas comerciais \u00e9ticas. Os nossos especialistas tamb\u00e9m prestam apoio na navega\u00e7\u00e3o no complexo panorama dos regulamentos do com\u00e9rcio internacional, assegurando a conformidade com as leis de exporta\u00e7\u00e3o\/importa\u00e7\u00e3o, san\u00e7\u00f5es e regulamentos contra o branqueamento de capitais.      <\/p>\n\n<p class=\"wp-block-paragraph\">Quer pretendas entrar em novos mercados, diversificar a tua carteira de compradores ou otimizar as tuas rela\u00e7\u00f5es comerciais existentes, os nossos servi\u00e7os de consultoria comercial permitir-te-\u00e3o tomar decis\u00f5es informadas e alcan\u00e7ar um crescimento sustent\u00e1vel no mercado global de minerais.<\/p>\n\n<h3 class=\"wp-block-heading has-large-font-size\" id=\"ConsultingInvestment\"><strong>Consultoria de investimento<\/strong><\/h3>\n\n<p class=\"wp-block-paragraph\">Na Odell Gold, tamb\u00e9m estendemos a nossa experi\u00eancia para al\u00e9m do com\u00e9rcio e da explora\u00e7\u00e3o mineira, oferecendo servi\u00e7os completos de consultoria de investimento. A nossa equipa de especialistas financeiros experientes fornece orienta\u00e7\u00e3o personalizada aos clientes que procuram diversificar as suas carteiras com ouro e minerais &#8211; activos reconhecidos pela sua estabilidade e potencial de valoriza\u00e7\u00e3o em climas econ\u00f3micos vol\u00e1teis. Oferecemos uma an\u00e1lise profunda do mercado, avalia\u00e7\u00e3o de riscos e planeamento estrat\u00e9gico de investimentos, ajudando-te a navegar com confian\u00e7a pelas complexidades dos mercados de metais preciosos e minerais. Os nossos consultores aproveitam o vasto conhecimento da Odell sobre a ind\u00fastria e a sua rede global para identificar oportunidades lucrativas, seja em ouro f\u00edsico, ac\u00e7\u00f5es mineiras ou futuros de metais preciosos. Numa era de incerteza econ\u00f3mica, os nossos servi\u00e7os de consultoria de investimento permitem-te salvaguardar e aumentar a tua riqueza atrav\u00e9s do valor intemporal do ouro e do potencial estrat\u00e9gico dos recursos minerais. Com a Odell Gold Trading como teu parceiro de investimento, n\u00e3o estar\u00e1s apenas investindo em commodities; estar\u00e1s assegurando um futuro financeiro resiliente.     <\/p>\n","protected":false},"excerpt":{"rendered":"<p>A nossa oferta de consultoria No mundo complexo e din\u00e2mico do com\u00e9rcio e explora\u00e7\u00e3o de metais preciosos, as empresas enfrentam frequentemente uma mir\u00edade de desafios que requerem orienta\u00e7\u00e3o e apoio especializados. Desde a navega\u00e7\u00e3o em intrincados regulamentos internacionais at\u00e9 \u00e0 otimiza\u00e7\u00e3o das cadeias de fornecimento e \u00e0 identifica\u00e7\u00e3o de compradores de confian\u00e7a, o caminho para [&hellip;]<\/p>\n","protected":false},"author":129994337,"featured_media":353,"parent":0,"menu_order":0,"comment_status":"closed","ping_status":"closed","template":"","meta":{"_crdt_document":"","advanced_seo_description":"","jetpack_seo_html_title":"","jetpack_seo_noindex":false,"footnotes":""},"class_list":["post-724","page","type-page","status-publish","has-post-thumbnail","hentry"],"jetpack_likes_enabled":true,"jetpack_sharing_enabled":true,"jetpack_shortlink":"https:\/\/wp.me\/Pg2PGk-bG","jetpack-related-posts":[],"_links":{"self":[{"href":"https:\/\/odellgold.com\/pt-pt\/wp-json\/wp\/v2\/pages\/724","targetHints":{"allow":["GET"]}}],"collection":[{"href":"https:\/\/odellgold.com\/pt-pt\/wp-json\/wp\/v2\/pages"}],"about":[{"href":"https:\/\/odellgold.com\/pt-pt\/wp-json\/wp\/v2\/types\/page"}],"author":[{"embeddable":true,"href":"https:\/\/odellgold.com\/pt-pt\/wp-json\/wp\/v2\/users\/129994337"}],"replies":[{"embeddable":true,"href":"https:\/\/odellgold.com\/pt-pt\/wp-json\/wp\/v2\/comments?post=724"}],"version-history":[{"count":1,"href":"https:\/\/odellgold.com\/pt-pt\/wp-json\/wp\/v2\/pages\/724\/revisions"}],"predecessor-version":[{"id":727,"href":"https:\/\/odellgold.com\/pt-pt\/wp-json\/wp\/v2\/pages\/724\/revisions\/727"}],"wp:featuredmedia":[{"embeddable":true,"href":"https:\/\/odellgold.com\/pt-pt\/wp-json\/wp\/v2\/media\/353"}],"wp:attachment":[{"href":"https:\/\/odellgold.com\/pt-pt\/wp-json\/wp\/v2\/media?parent=724"}],"curies":[{"name":"wp","href":"https:\/\/api.w.org\/{rel}","templated":true}]}}