{"id":687,"date":"2024-09-19T22:39:58","date_gmt":"2024-09-19T18:39:58","guid":{"rendered":"https:\/\/odellgold.com\/custodia-segura\/"},"modified":"2024-10-30T04:40:22","modified_gmt":"2024-10-30T00:40:22","slug":"custodia-segura","status":"publish","type":"page","link":"https:\/\/odellgold.com\/pt-pt\/custodia-segura\/","title":{"rendered":"Cust\u00f3dia segura"},"content":{"rendered":"\n<h2 class=\"wp-block-heading has-x-large-font-size\"><strong>Seguro<\/strong> <strong>Cust\u00f3dia<\/strong> <strong>Servi\u00e7os<\/strong><\/h2>\n\n<p class=\"wp-block-paragraph\">Na Odell, redefinimos o padr\u00e3o de cust\u00f3dia segura para os teus inestim\u00e1veis metais preciosos, elevando a seguran\u00e7a a uma forma de arte. O nosso servi\u00e7o transcende o mero armazenamento; proporcionamos um santu\u00e1rio inexpugn\u00e1vel onde os teus bens residem sob a prote\u00e7\u00e3o constante de uma seguran\u00e7a de vanguarda e de um seguro abrangente, assegurando uma paz de esp\u00edrito sem paralelo. <\/p>\n\n<p class=\"wp-block-paragraph\">As nossas instala\u00e7\u00f5es de tipo fortaleza constituem o n\u00facleo das nossas opera\u00e7\u00f5es, incessantemente monitorizadas e protegidas por camadas de defesas sofisticadas. Reconhecendo a natureza \u00fanica dos seus bens e a confian\u00e7a que deposita em n\u00f3s, cri\u00e1mos uma gama de solu\u00e7\u00f5es de armazenamento seguro adaptadas \u00e0s diversas necessidades da nossa estimada clientela. <\/p>\n\n<h2 class=\"wp-block-heading has-large-font-size\">Por que escolher Odell para a cust\u00f3dia segura de teus metais preciosos?<\/h2>\n\n<ul class=\"wp-block-list\">\n<li><strong>Seguran\u00e7a sem compromissos<\/strong>: As nossas instala\u00e7\u00f5es s\u00e3o um baluarte contra as amea\u00e7as, guardadas 24 horas por dia por profissionais de seguran\u00e7a e sob vigil\u00e2ncia constante. Implement\u00e1mos controlos de acesso biom\u00e9tricos para garantir que apenas as pessoas autorizadas podem interagir com os seus bens. <\/li>\n\n\n\n<li><strong>Prote\u00e7\u00e3o resiliente<\/strong>: Compreendendo o valor dos teus investimentos, o nosso sistema de supress\u00e3o de inc\u00eandios de \u00faltima gera\u00e7\u00e3o protege-te contra desastres imprevistos. O nosso compromisso de funcionamento cont\u00ednuo \u00e9 refor\u00e7ado por duas fontes de energia: um gerador robusto e uma reserva solar ecol\u00f3gica, garantindo que as nossas defesas permanecem activas 24 horas por dia, 7 dias por semana. <\/li>\n\n\n\n<li><strong>Op\u00e7\u00f5es de seguro \u00e0 medida<\/strong>: A tua paz de esp\u00edrito \u00e9 a nossa principal preocupa\u00e7\u00e3o. Oferecemos um leque de op\u00e7\u00f5es de seguros, cada uma concebida para proporcionar uma prote\u00e7\u00e3o abrangente, salvaguardando os seus investimentos contra qualquer eventualidade. <\/li>\n\n\n\n<li><strong>Compromisso com a excel\u00eancia<\/strong>: Na Odell, n\u00e3o nos limitamos a proteger os teus metais preciosos; salvaguardamos a tua confian\u00e7a. A nossa equipa dedicada oferece um servi\u00e7o ao cliente exemplar, assegurando que cada intera\u00e7\u00e3o reflecte o valor dos tesouros que protegemos. <\/li>\n\n\n\n<li><strong>Solu\u00e7\u00f5es de armazenamento inovadoras<\/strong>: Desde cofres de seguran\u00e7a a cofres de grande dimens\u00e3o, as nossas diversas op\u00e7\u00f5es de armazenamento adaptam-se \u00e0s tuas necessidades espec\u00edficas, oferecendo flexibilidade e seguran\u00e7a.<\/li>\n<\/ul>\n\n<p class=\"wp-block-paragraph\">Escolher Odell significa confiar seus metais preciosos a um santu\u00e1rio onde sua seguran\u00e7a est\u00e1 garantida, n\u00e3o s\u00f3 prometida. Connosco, os teus bens est\u00e3o protegidos pelos mais altos padr\u00f5es de seguran\u00e7a, cuidados com um profissionalismo sem igual e protegidos por uma fortaleza vigilante. Bem-vindo ao futuro do armazenamento de metais preciosos &#8211; onde a tua paz de esp\u00edrito \u00e9 a nossa miss\u00e3o final.  <\/p>\n","protected":false},"excerpt":{"rendered":"<p>Seguro Cust\u00f3dia Servi\u00e7os Na Odell, redefinimos o padr\u00e3o de cust\u00f3dia segura para os teus inestim\u00e1veis metais preciosos, elevando a seguran\u00e7a a uma forma de arte. O nosso servi\u00e7o transcende o mero armazenamento; proporcionamos um santu\u00e1rio inexpugn\u00e1vel onde os teus bens residem sob a prote\u00e7\u00e3o constante de uma seguran\u00e7a de vanguarda e de um seguro abrangente, [&hellip;]<\/p>\n","protected":false},"author":129994337,"featured_media":337,"parent":0,"menu_order":0,"comment_status":"closed","ping_status":"closed","template":"","meta":{"_crdt_document":"","advanced_seo_description":"","jetpack_seo_html_title":"","jetpack_seo_noindex":false,"footnotes":""},"class_list":["post-687","page","type-page","status-publish","has-post-thumbnail","hentry"],"jetpack_likes_enabled":true,"jetpack_sharing_enabled":true,"jetpack_shortlink":"https:\/\/wp.me\/Pg2PGk-b5","jetpack-related-posts":[],"_links":{"self":[{"href":"https:\/\/odellgold.com\/pt-pt\/wp-json\/wp\/v2\/pages\/687","targetHints":{"allow":["GET"]}}],"collection":[{"href":"https:\/\/odellgold.com\/pt-pt\/wp-json\/wp\/v2\/pages"}],"about":[{"href":"https:\/\/odellgold.com\/pt-pt\/wp-json\/wp\/v2\/types\/page"}],"author":[{"embeddable":true,"href":"https:\/\/odellgold.com\/pt-pt\/wp-json\/wp\/v2\/users\/129994337"}],"replies":[{"embeddable":true,"href":"https:\/\/odellgold.com\/pt-pt\/wp-json\/wp\/v2\/comments?post=687"}],"version-history":[{"count":2,"href":"https:\/\/odellgold.com\/pt-pt\/wp-json\/wp\/v2\/pages\/687\/revisions"}],"predecessor-version":[{"id":923,"href":"https:\/\/odellgold.com\/pt-pt\/wp-json\/wp\/v2\/pages\/687\/revisions\/923"}],"wp:featuredmedia":[{"embeddable":true,"href":"https:\/\/odellgold.com\/pt-pt\/wp-json\/wp\/v2\/media\/337"}],"wp:attachment":[{"href":"https:\/\/odellgold.com\/pt-pt\/wp-json\/wp\/v2\/media?parent=687"}],"curies":[{"name":"wp","href":"https:\/\/api.w.org\/{rel}","templated":true}]}}