{"id":751,"date":"2024-09-19T21:16:34","date_gmt":"2024-09-19T17:16:34","guid":{"rendered":"https:\/\/odellgold.com\/courtage-en-douane\/"},"modified":"2024-10-27T04:39:06","modified_gmt":"2024-10-27T00:39:06","slug":"courtage-en-douane","status":"publish","type":"page","link":"https:\/\/odellgold.com\/fr\/courtage-en-douane\/","title":{"rendered":"Courtage en douane"},"content":{"rendered":"\n<h1 class=\"wp-block-heading has-x-large-font-size\"><strong>Am\u00e9liorez votre commerce mondial gr\u00e2ce \u00e0 des services de courtage en douane experts<\/strong><\/h1>\n\n<p class=\"wp-block-paragraph\">Exploitez tout le potentiel du commerce international gr\u00e2ce aux services de courtage en douane de premier ordre d&rsquo;Odell. Notre expertise \u00e9prouv\u00e9e et notre engagement in\u00e9branlable en faveur de l&rsquo;excellence vous offrent une gamme compl\u00e8te de solutions, rationalisant vos processus d&rsquo;importation et d&rsquo;exportation tout en garantissant la conformit\u00e9 avec les r\u00e9glementations mondiales en constante \u00e9volution. <\/p>\n\n<h2 class=\"wp-block-heading has-large-font-size\">Une expertise en laquelle vous pouvez avoir confiance<\/h2>\n\n<p class=\"wp-block-paragraph\">Naviguer dans les m\u00e9andres du d\u00e9douanement exige de la pr\u00e9cision et des connaissances approfondies. Nos courtiers en douane agr\u00e9\u00e9s apportent leur vaste exp\u00e9rience \u00e0 chaque transaction, ce qui vous permet de g\u00e9rer en toute confiance les proc\u00e9dures douani\u00e8res complexes. De la pr\u00e9paration m\u00e9ticuleuse des documents au calcul pr\u00e9cis des droits de douane, en passant par le respect rigoureux des r\u00e9glementations, nous prenons en charge tous les aspects du processus, ce qui vous permet de vous concentrer sur la croissance de votre activit\u00e9 principale.  <\/p>\n\n<h2 class=\"wp-block-heading has-large-font-size\">Une vision globale, une comp\u00e9tence locale<\/h2>\n\n<p class=\"wp-block-paragraph\">Sur le march\u00e9 mondial dynamique d&rsquo;aujourd&rsquo;hui, le succ\u00e8s d\u00e9pend de la compr\u00e9hension des r\u00e9glementations douani\u00e8res locales. Notre \u00e9quipe de professionnels chevronn\u00e9s poss\u00e8de une connaissance approfondie des exigences douani\u00e8res r\u00e9gionales, des mises \u00e0 jour tarifaires et des nuances r\u00e9glementaires. Ainsi, vos envois sont d\u00e9douan\u00e9s efficacement et sans probl\u00e8me, quelle que soit leur destination ou leur origine.  <\/p>\n\n<h2 class=\"wp-block-heading has-large-font-size\">D\u00e9passer les attentes au-del\u00e0 des fronti\u00e8res<\/h2>\n\n<p class=\"wp-block-paragraph\">Chez Odell, nous nous effor\u00e7ons de d\u00e9passer vos attentes \u00e0 chaque instant. Notre engagement envers l&rsquo;excellence va au-del\u00e0 du d\u00e9douanement de base et englobe des services sp\u00e9cialis\u00e9s tels que l&rsquo;importation temporaire, l&rsquo;entreposage douanier, les ristournes de droits de douane et les d\u00e9cisions nationales en mati\u00e8re de douane. Avec Odell comme partenaire, vous pouvez \u00eatre s\u00fbr que vos besoins en mati\u00e8re de douane seront trait\u00e9s avec le plus grand soin et la plus grande pr\u00e9cision tout au long du processus.  <\/p>\n\n<h2 class=\"wp-block-heading has-large-font-size\">Un engagement in\u00e9branlable en faveur de la conformit\u00e9<\/h2>\n\n<p class=\"wp-block-paragraph\">Nous reconnaissons l&rsquo;importance cruciale de la conformit\u00e9 dans le commerce international. Notre programme complet de conformit\u00e9 douani\u00e8re garantit que votre documentation est m\u00e9ticuleusement exacte et qu&rsquo;elle respecte pleinement toutes les lois et r\u00e9glementations en vigueur. Que vous naviguiez dans des d\u00e9clarations d&rsquo;importation et d&rsquo;exportation complexes ou que vous recherchiez des conseils d&rsquo;experts sur des proc\u00e9dures douani\u00e8res sp\u00e9ciales, nous sommes l\u00e0 pour vous guider vers un succ\u00e8s in\u00e9gal\u00e9.  <\/p>\n\n<h2 class=\"wp-block-heading has-large-font-size\">D\u00e9couvrez l&rsquo;avantage Odell<\/h2>\n\n<p class=\"wp-block-paragraph\">D\u00e9couvrez l&rsquo;impact transformateur que des services de courtage en douane experts peuvent avoir sur votre entreprise. Associez-vous \u00e0 Odell d\u00e8s aujourd&rsquo;hui et ouvrez un monde de possibilit\u00e9s pour vos op\u00e9rations de commerce international, en \u00e9tablissant de nouvelles normes d&rsquo;efficacit\u00e9 et de conformit\u00e9 dans vos entreprises internationales. <\/p>\n","protected":false},"excerpt":{"rendered":"<p>Am\u00e9liorez votre commerce mondial gr\u00e2ce \u00e0 des services de courtage en douane experts Exploitez tout le potentiel du commerce international gr\u00e2ce aux services de courtage en douane de premier ordre d&rsquo;Odell. Notre expertise \u00e9prouv\u00e9e et notre engagement in\u00e9branlable en faveur de l&rsquo;excellence vous offrent une gamme compl\u00e8te de solutions, rationalisant vos processus d&rsquo;importation et d&rsquo;exportation [&hellip;]<\/p>\n","protected":false},"author":129994337,"featured_media":278,"parent":0,"menu_order":0,"comment_status":"closed","ping_status":"closed","template":"","meta":{"_crdt_document":"","advanced_seo_description":"","jetpack_seo_html_title":"","jetpack_seo_noindex":false,"footnotes":""},"class_list":["post-751","page","type-page","status-publish","has-post-thumbnail","hentry"],"jetpack_likes_enabled":true,"jetpack_sharing_enabled":true,"jetpack_shortlink":"https:\/\/wp.me\/Pg2PGk-c7","jetpack-related-posts":[],"_links":{"self":[{"href":"https:\/\/odellgold.com\/fr\/wp-json\/wp\/v2\/pages\/751","targetHints":{"allow":["GET"]}}],"collection":[{"href":"https:\/\/odellgold.com\/fr\/wp-json\/wp\/v2\/pages"}],"about":[{"href":"https:\/\/odellgold.com\/fr\/wp-json\/wp\/v2\/types\/page"}],"author":[{"embeddable":true,"href":"https:\/\/odellgold.com\/fr\/wp-json\/wp\/v2\/users\/129994337"}],"replies":[{"embeddable":true,"href":"https:\/\/odellgold.com\/fr\/wp-json\/wp\/v2\/comments?post=751"}],"version-history":[{"count":1,"href":"https:\/\/odellgold.com\/fr\/wp-json\/wp\/v2\/pages\/751\/revisions"}],"predecessor-version":[{"id":754,"href":"https:\/\/odellgold.com\/fr\/wp-json\/wp\/v2\/pages\/751\/revisions\/754"}],"wp:featuredmedia":[{"embeddable":true,"href":"https:\/\/odellgold.com\/fr\/wp-json\/wp\/v2\/media\/278"}],"wp:attachment":[{"href":"https:\/\/odellgold.com\/fr\/wp-json\/wp\/v2\/media?parent=751"}],"curies":[{"name":"wp","href":"https:\/\/api.w.org\/{rel}","templated":true}]}}