{"id":684,"date":"2024-10-04T00:03:27","date_gmt":"2024-10-03T20:03:27","guid":{"rendered":"https:\/\/odellgold.com\/financement\/"},"modified":"2024-10-27T04:38:55","modified_gmt":"2024-10-27T00:38:55","slug":"financement","status":"publish","type":"page","link":"https:\/\/odellgold.com\/fr\/financement\/","title":{"rendered":"Financement"},"content":{"rendered":"\n<h1 class=\"wp-block-heading has-large-font-size\"><strong>Renforcer le potentiel minier de l&rsquo;Afrique : Solutions de financement pour les entrepreneurs visionnaires<\/strong><\/h1>\n\n<p class=\"wp-block-paragraph\">Chez Odell Gold, nous sommes conscients de l&rsquo;immense potentiel inexploit\u00e9 des richesses en m\u00e9taux pr\u00e9cieux de l&rsquo;Afrique, en particulier dans la r\u00e9gion dynamique de l&rsquo;Afrique de l&rsquo;Ouest. Notre engagement \u00e0 favoriser la croissance dans ce secteur va au-del\u00e0 de nos propres op\u00e9rations &#8211; nous sommes d\u00e9termin\u00e9s \u00e0 soutenir les mineurs et les entrepreneurs visionnaires qui partagent notre passion pour le d\u00e9veloppement responsable des ressources. \u00c0 cette fin, nous sommes fiers d&rsquo;offrir des solutions de financement sur mesure con\u00e7ues pour transformer des entreprises mini\u00e8res prometteuses en r\u00e9alit\u00e9s prosp\u00e8res.  <\/p>\n\n<h2 class=\"wp-block-heading has-large-font-size\">D\u00e9couvrir les tr\u00e9sors cach\u00e9s de l&rsquo;Afrique de l&rsquo;Ouest<\/h2>\n\n<p class=\"wp-block-paragraph\">L&rsquo;Afrique de l&rsquo;Ouest est \u00e0 l&rsquo;aube d&rsquo;une renaissance mini\u00e8re. De riches gisements d&rsquo;or, de minerai de fer et d&rsquo;autres m\u00e9taux pr\u00e9cieux reposent sous son sol, attendant d&rsquo;\u00eatre extraits de mani\u00e8re responsable et transform\u00e9s en prosp\u00e9rit\u00e9 \u00e9conomique. Des pays comme le Ghana, la C\u00f4te d&rsquo;Ivoire, le Burkina Faso et le Mali sont devenus des p\u00f4les d&rsquo;attraction pour les investissements miniers, gr\u00e2ce \u00e0 leur g\u00e9ologie favorable, \u00e0 l&rsquo;am\u00e9lioration de leurs infrastructures et \u00e0 des politiques de plus en plus favorables \u00e0 l&rsquo;exploitation mini\u00e8re. La production d&rsquo;or de la r\u00e9gion a connu \u00e0 elle seule une croissance remarquable, plusieurs pays se hissant au rang de producteurs mondiaux.   <\/p>\n\n<h2 class=\"wp-block-heading has-large-font-size\">Des financements adapt\u00e9s \u00e0 vos ambitions mini\u00e8res<\/h2>\n\n<p class=\"wp-block-paragraph\">Que vous soyez une soci\u00e9t\u00e9 mini\u00e8re \u00e9tablie cherchant \u00e0 se d\u00e9velopper ou un entrepreneur ayant un projet prometteur, Odell Gold offre des options de financement flexibles pour r\u00e9pondre \u00e0 vos besoins :<\/p>\n\n<ol class=\"wp-block-list\">\n<li><strong>Financement de projets<\/strong>: Nous fournissons des capitaux importants pour des projets miniers \u00e0 grande \u00e9chelle, de l&rsquo;exploration \u00e0 la production.<\/li>\n\n\n\n<li><strong>Financement d&rsquo;\u00e9quipement<\/strong>: Acc\u00e9dez \u00e0 des \u00e9quipements miniers de pointe sans grever vos r\u00e9serves de capital.<\/li>\n\n\n\n<li><strong>Pr\u00eats pour fonds de roulement<\/strong>: Maintenez des op\u00e9rations fluides gr\u00e2ce \u00e0 un financement qui couvre les d\u00e9penses quotidiennes et les co\u00fbts inattendus.<\/li>\n\n\n\n<li><strong>Partenariats en coentreprise<\/strong>: B\u00e9n\u00e9ficiez de notre expertise et de nos ressources en investissant directement dans des projets \u00e0 fort potentiel.<\/li>\n<\/ol>\n\n<p class=\"wp-block-paragraph\">Notre \u00e9quipe d&rsquo;experts financiers et de v\u00e9t\u00e9rans de l&rsquo;industrie mini\u00e8re travaille en \u00e9troite collaboration avec chaque client pour structurer des transactions qui s&rsquo;alignent sur les calendriers des projets, les projections de flux de tr\u00e9sorerie et les profils de risque.<\/p>\n\n<h2 class=\"wp-block-heading has-large-font-size\">Plus qu&rsquo;un simple capital : Un partenariat pour la r\u00e9ussite<\/h2>\n\n<p class=\"wp-block-paragraph\">Lorsque vous choisissez Odell Gold pour vos besoins de financement, vous obtenez plus qu&rsquo;un simple capital &#8211; vous vous associez \u00e0 un leader de l&rsquo;industrie qui s&rsquo;engage pour votre succ\u00e8s. Notre vaste r\u00e9seau, notre connaissance du march\u00e9 et notre expertise op\u00e9rationnelle dans le secteur minier africain deviennent des atouts pr\u00e9cieux pour votre entreprise. Nous offrons :  <\/p>\n\n<ul class=\"wp-block-list\">\n<li><strong>Conseil technique<\/strong>: Acc\u00e9dez \u00e0 notre \u00e9quipe de g\u00e9ologues et d&rsquo;ing\u00e9nieurs miniers pour l&rsquo;\u00e9valuation et l&rsquo;optimisation des projets.<\/li>\n\n\n\n<li><strong>Acc\u00e8s au march\u00e9<\/strong>: Tirez parti de nos canaux de distribution \u00e9tablis pour commercialiser efficacement vos min\u00e9raux sur le march\u00e9 mondial.<\/li>\n\n\n\n<li><strong>Conseils en mati\u00e8re de r\u00e9glementation<\/strong>: Naviguez dans les complexit\u00e9s des lois et r\u00e9glementations mini\u00e8res locales gr\u00e2ce \u00e0 l&rsquo;assistance de nos experts.<\/li>\n\n\n\n<li><strong>Soutien au d\u00e9veloppement durable<\/strong>: Mettre en \u0153uvre les meilleures pratiques en mati\u00e8re de gestion de l&rsquo;environnement et de relations avec les communaut\u00e9s, afin de garantir la viabilit\u00e9 \u00e0 long terme de votre projet.<\/li>\n<\/ul>\n\n<p class=\"wp-block-paragraph\">Chez Odell Gold, nous croyons en l&rsquo;avenir prometteur de l&rsquo;exploitation mini\u00e8re en Afrique. En apportant un financement et un soutien essentiels, nous ne nous contentons pas de financer des projets individuels, nous investissons dans le d\u00e9veloppement \u00e9conomique durable du continent. Rejoignez-nous pour lib\u00e9rer le vaste potentiel des richesses min\u00e9rales de l&rsquo;Afrique de l&rsquo;Ouest et participez \u00e0 la transformation de l&rsquo;industrie mini\u00e8re mondiale.  <\/p>\n\n<h2 class=\"wp-block-heading\"><\/h2>\n","protected":false},"excerpt":{"rendered":"<p>Renforcer le potentiel minier de l&rsquo;Afrique : Solutions de financement pour les entrepreneurs visionnaires Chez Odell Gold, nous sommes conscients de l&rsquo;immense potentiel inexploit\u00e9 des richesses en m\u00e9taux pr\u00e9cieux de l&rsquo;Afrique, en particulier dans la r\u00e9gion dynamique de l&rsquo;Afrique de l&rsquo;Ouest. Notre engagement \u00e0 favoriser la croissance dans ce secteur va au-del\u00e0 de nos propres [&hellip;]<\/p>\n","protected":false},"author":129994337,"featured_media":422,"parent":0,"menu_order":0,"comment_status":"closed","ping_status":"closed","template":"","meta":{"_crdt_document":"","advanced_seo_description":"","jetpack_seo_html_title":"","jetpack_seo_noindex":false,"footnotes":""},"class_list":["post-684","page","type-page","status-publish","has-post-thumbnail","hentry"],"jetpack_likes_enabled":true,"jetpack_sharing_enabled":true,"jetpack_shortlink":"https:\/\/wp.me\/Pg2PGk-b2","jetpack-related-posts":[],"_links":{"self":[{"href":"https:\/\/odellgold.com\/fr\/wp-json\/wp\/v2\/pages\/684","targetHints":{"allow":["GET"]}}],"collection":[{"href":"https:\/\/odellgold.com\/fr\/wp-json\/wp\/v2\/pages"}],"about":[{"href":"https:\/\/odellgold.com\/fr\/wp-json\/wp\/v2\/types\/page"}],"author":[{"embeddable":true,"href":"https:\/\/odellgold.com\/fr\/wp-json\/wp\/v2\/users\/129994337"}],"replies":[{"embeddable":true,"href":"https:\/\/odellgold.com\/fr\/wp-json\/wp\/v2\/comments?post=684"}],"version-history":[{"count":1,"href":"https:\/\/odellgold.com\/fr\/wp-json\/wp\/v2\/pages\/684\/revisions"}],"predecessor-version":[{"id":685,"href":"https:\/\/odellgold.com\/fr\/wp-json\/wp\/v2\/pages\/684\/revisions\/685"}],"wp:featuredmedia":[{"embeddable":true,"href":"https:\/\/odellgold.com\/fr\/wp-json\/wp\/v2\/media\/422"}],"wp:attachment":[{"href":"https:\/\/odellgold.com\/fr\/wp-json\/wp\/v2\/media?parent=684"}],"curies":[{"name":"wp","href":"https:\/\/api.w.org\/{rel}","templated":true}]}}