{"id":444,"date":"2024-09-18T22:03:38","date_gmt":"2024-09-18T18:03:38","guid":{"rendered":"https:\/\/odellgold.com\/negociation\/"},"modified":"2024-11-02T06:30:35","modified_gmt":"2024-11-02T02:30:35","slug":"negociation","status":"publish","type":"page","link":"https:\/\/odellgold.com\/fr\/negociation\/","title":{"rendered":"N\u00e9gociation"},"content":{"rendered":"\n<p class=\"has-x-large-font-size wp-block-paragraph\"><strong>Notre offre commerciale<\/strong><\/p>\n\n<p class=\"has-medium-font-size wp-block-paragraph\"><strong>Odell Gold Investment, Trading, and Mining<\/strong> offre une plateforme fiable et s\u00e9curis\u00e9e permettant aux mineurs d&rsquo;or et aux n\u00e9gociants du monde entier de faire des affaires en toute confiance. Notre structure rationalis\u00e9e garantit des contrats rapides, transparents et de gros volumes pour l&rsquo;achat d&rsquo;or et d&rsquo;autres m\u00e9taux pr\u00e9cieux. Nous privil\u00e9gions la simplicit\u00e9 et la coh\u00e9rence, ce qui vous permet de vous concentrer sur l&rsquo;optimisation de votre production pendant que nous nous occupons de vos besoins transactionnels. Avec une \u00e9quipe de professionnels chevronn\u00e9s qui comprennent vos objectifs en mati\u00e8re de flux de tr\u00e9sorerie, vous pouvez avoir la certitude de travailler avec des experts qui se consacrent \u00e0 votre r\u00e9ussite. Veuillez remplir le formulaire de contact ci-dessous pour nous contacter.      <\/p>\n<div class=\"wpforms-container wpforms-container-full wpforms-block wpforms-block-54beab48-473b-49f7-a466-dccf5e03ab71 wpforms-render-modern\" id=\"wpforms-928\"><form id=\"wpforms-form-928\" class=\"wpforms-validate wpforms-form wpforms-ajax-form\" data-formid=\"928\" method=\"post\" enctype=\"multipart\/form-data\" action=\"\/fr\/wp-json\/wp\/v2\/pages\/444\" data-token=\"d528046eca18a485f123d12619ce19ba\" data-token-time=\"1777020601\"><noscript class=\"wpforms-error-noscript\">Veuillez activer JavaScript dans votre navigateur pour remplir ce formulaire.<\/noscript><div id=\"wpforms-error-noscript\" style=\"display: none;\">Veuillez activer JavaScript dans votre navigateur pour remplir ce formulaire.<\/div><div class=\"wpforms-field-container\"><div id=\"wpforms-928-field_1-container\" class=\"wpforms-field wpforms-field-name\" data-field-id=\"1\"><fieldset><legend class=\"wpforms-field-label\">Nom <span class=\"wpforms-required-label\" aria-hidden=\"true\">*<\/span><\/legend><div class=\"wpforms-field-row wpforms-field-medium\"><div class=\"wpforms-field-row-block wpforms-first wpforms-one-half\"><input type=\"text\" id=\"wpforms-928-field_1\" class=\"wpforms-field-name-first wpforms-field-required\" name=\"wpforms[fields][1][first]\" aria-errormessage=\"wpforms-928-field_1-error\" required><label for=\"wpforms-928-field_1\" class=\"wpforms-field-sublabel after\">Premi\u00e8re<\/label><\/div><div class=\"wpforms-field-row-block wpforms-one-half\"><input type=\"text\" id=\"wpforms-928-field_1-last\" class=\"wpforms-field-name-last wpforms-field-required\" name=\"wpforms[fields][1][last]\" aria-errormessage=\"wpforms-928-field_1-last-error\" required><label for=\"wpforms-928-field_1-last\" class=\"wpforms-field-sublabel after\">Dernier<\/label><\/div><\/div><\/fieldset><\/div>\t\t<div id=\"wpforms-928-field_4-container\"\n\t\t\tclass=\"wpforms-field wpforms-field-text\"\n\t\t\tdata-field-type=\"text\"\n\t\t\tdata-field-id=\"4\"\n\t\t\t>\n\t\t\t<label class=\"wpforms-field-label\" for=\"wpforms-928-field_4\" >Nom Courriel Message<\/label>\n\t\t\t<input type=\"text\" id=\"wpforms-928-field_4\" class=\"wpforms-field-medium\" name=\"wpforms[fields][4]\" >\n\t\t<\/div>\n\t\t<div id=\"wpforms-928-field_2-container\" class=\"wpforms-field wpforms-field-email\" data-field-id=\"2\"><label class=\"wpforms-field-label\" for=\"wpforms-928-field_2\">Courriel <span class=\"wpforms-required-label\" aria-hidden=\"true\">*<\/span><\/label><input type=\"email\" id=\"wpforms-928-field_2\" class=\"wpforms-field-medium wpforms-field-required\" name=\"wpforms[fields][2]\" spellcheck=\"false\" aria-errormessage=\"wpforms-928-field_2-error\" required><\/div><div id=\"wpforms-928-field_3-container\" class=\"wpforms-field wpforms-field-textarea\" data-field-id=\"3\"><label class=\"wpforms-field-label\" for=\"wpforms-928-field_3\">Message<\/label><textarea id=\"wpforms-928-field_3\" class=\"wpforms-field-large\" name=\"wpforms[fields][3]\" aria-errormessage=\"wpforms-928-field_3-error\" aria-describedby=\"wpforms-928-field_3-description\" ><\/textarea><div id=\"wpforms-928-field_3-description\" class=\"wpforms-field-description\">Faites-nous savoir pourquoi vous souhaitez entrer en contact avec nous.<\/div><\/div><script>\n\t\t\t\t( function() {\n\t\t\t\t\tconst style = document.createElement( 'style' );\n\t\t\t\t\tstyle.appendChild( document.createTextNode( '#wpforms-928-field_4-container { position: absolute !important; overflow: hidden !important; display: inline !important; height: 1px !important; width: 1px !important; z-index: -1000 !important; padding: 0 !important; } #wpforms-928-field_4-container input { visibility: hidden; } #wpforms-conversational-form-page #wpforms-928-field_4-container label { counter-increment: none; }' ) );\n\t\t\t\t\tdocument.head.appendChild( style );\n\t\t\t\t\tdocument.currentScript?.remove();\n\t\t\t\t} )();\n\t\t\t<\/script><\/div><!-- .wpforms-field-container --><div class=\"wpforms-submit-container\" ><input type=\"hidden\" name=\"wpforms[id]\" value=\"928\"><input type=\"hidden\" name=\"page_title\" value=\"\"><input type=\"hidden\" name=\"page_url\" value=\"https:\/\/odellgold.com\/fr\/wp-json\/wp\/v2\/pages\/444\"><input type=\"hidden\" name=\"url_referer\" value=\"\"><button type=\"submit\" name=\"wpforms[submit]\" id=\"wpforms-submit-928\" class=\"wpforms-submit\" data-alt-text=\"Envoi...\" data-submit-text=\"Soumettre\" aria-live=\"assertive\" value=\"wpforms-submit\">Soumettre<\/button><img loading=\"lazy\" decoding=\"async\" src=\"https:\/\/odellgold.com\/wp-content\/plugins\/wpforms-lite\/assets\/images\/submit-spin.svg\" class=\"wpforms-submit-spinner\" style=\"display: none;\" width=\"26\" height=\"26\" alt=\"Chargement en cours\"><\/div><\/form><\/div>  <!-- .wpforms-container -->","protected":false},"excerpt":{"rendered":"<p>Notre offre commerciale Odell Gold Investment, Trading, and Mining offre une plateforme fiable et s\u00e9curis\u00e9e permettant aux mineurs d&rsquo;or et aux n\u00e9gociants du monde entier de faire des affaires en toute confiance. Notre structure rationalis\u00e9e garantit des contrats rapides, transparents et de gros volumes pour l&rsquo;achat d&rsquo;or et d&rsquo;autres m\u00e9taux pr\u00e9cieux. Nous privil\u00e9gions la simplicit\u00e9 [&hellip;]<\/p>\n","protected":false},"author":129994337,"featured_media":174,"parent":0,"menu_order":2,"comment_status":"closed","ping_status":"closed","template":"","meta":{"_crdt_document":"","advanced_seo_description":"","jetpack_seo_html_title":"","jetpack_seo_noindex":false,"footnotes":""},"class_list":["post-444","page","type-page","status-publish","has-post-thumbnail","hentry"],"jetpack_likes_enabled":true,"jetpack_sharing_enabled":true,"jetpack_shortlink":"https:\/\/wp.me\/Pg2PGk-7a","jetpack-related-posts":[],"_links":{"self":[{"href":"https:\/\/odellgold.com\/fr\/wp-json\/wp\/v2\/pages\/444","targetHints":{"allow":["GET"]}}],"collection":[{"href":"https:\/\/odellgold.com\/fr\/wp-json\/wp\/v2\/pages"}],"about":[{"href":"https:\/\/odellgold.com\/fr\/wp-json\/wp\/v2\/types\/page"}],"author":[{"embeddable":true,"href":"https:\/\/odellgold.com\/fr\/wp-json\/wp\/v2\/users\/129994337"}],"replies":[{"embeddable":true,"href":"https:\/\/odellgold.com\/fr\/wp-json\/wp\/v2\/comments?post=444"}],"version-history":[{"count":2,"href":"https:\/\/odellgold.com\/fr\/wp-json\/wp\/v2\/pages\/444\/revisions"}],"predecessor-version":[{"id":947,"href":"https:\/\/odellgold.com\/fr\/wp-json\/wp\/v2\/pages\/444\/revisions\/947"}],"wp:featuredmedia":[{"embeddable":true,"href":"https:\/\/odellgold.com\/fr\/wp-json\/wp\/v2\/media\/174"}],"wp:attachment":[{"href":"https:\/\/odellgold.com\/fr\/wp-json\/wp\/v2\/media?parent=444"}],"curies":[{"name":"wp","href":"https:\/\/api.w.org\/{rel}","templated":true}]}}