{"id":768,"date":"2024-09-18T22:31:00","date_gmt":"2024-09-18T18:31:00","guid":{"rendered":"https:\/\/odellgold.com\/mineria\/"},"modified":"2024-11-02T06:40:16","modified_gmt":"2024-11-02T02:40:16","slug":"mineria","status":"publish","type":"page","link":"https:\/\/odellgold.com\/es\/mineria\/","title":{"rendered":"Miner\u00eda"},"content":{"rendered":"\n<h2 class=\"wp-block-heading has-x-large-font-size\"><strong>Odell Mining, \u00c1frica Occidental<\/strong><\/h2>\n\n<p class=\"wp-block-paragraph\">Odell Mining, una operaci\u00f3n minera de primer orden con sede en \u00c1frica Occidental, se ha consolidado como un nombre de confianza en el sector mundial de los metales preciosos. Con un rico legado, hemos cultivado una clientela internacional diversa y construido una reputaci\u00f3n de excelencia en el comercio de oro y metales preciosos. Nuestra cartera abarca una amplia gama de materias primas valiosas, como lingotes, pepitas y polvo de oro, as\u00ed como hierro, titanio, zinc y cobre, lo que nos posiciona como un socio vers\u00e1til para inversores y empresas exigentes de todo el mundo.  <\/p>\n\n<p class=\"wp-block-paragraph\">M\u00e1s all\u00e1 de nuestras operaciones b\u00e1sicas de miner\u00eda y comercio, Odell Mining ofrece servicios integrales de consultor\u00eda adaptados a las necesidades \u00fanicas de nuestros socios globales. Nuestra experiencia se extiende a las estrategias de aprovisionamiento, la optimizaci\u00f3n log\u00edstica y el asesoramiento en comercio de minerales, proporcionando a los clientes soluciones integrales en el complejo mundo de las materias primas de oro y metales. Este enfoque hol\u00edstico garantiza que nuestros socios reciban no s\u00f3lo productos, sino tambi\u00e9n las ideas y el apoyo necesarios para prosperar en el mercado internacional.  <\/p>\n\n<p class=\"wp-block-paragraph\">La clave de nuestro \u00e9xito reside en nuestro compromiso con el an\u00e1lisis y la investigaci\u00f3n exhaustivos del mercado. Nuestro equipo de asesores expertos supervisa y analiza continuamente los movimientos de precios en los mercados minerales mundiales y regionales, aprovechando sofisticados datos estad\u00edsticos para proporcionar a nuestros clientes inteligencia procesable. Esta dedicaci\u00f3n a adelantarse a las tendencias del mercado permite a nuestros socios tomar decisiones estrat\u00e9gicas informadas con rapidez y confianza. Con Odell Mining, los clientes obtienen algo m\u00e1s que un proveedor: se aseguran un aliado experto para navegar por el din\u00e1mico panorama del mercado mundial de materias primas met\u00e1licas.   <\/p>\n\n<h2 class=\"wp-block-heading has-text-align-center has-large-font-size\"><strong>\u00bfTe interesa hablar de las oportunidades de la miner\u00eda? Ponte en contacto hoy mismo. <\/strong><\/h2>\n<div class=\"wpforms-container wpforms-container-full wpforms-block wpforms-block-a80e1c73-c5b2-40d0-a0bd-efa8e5052ba0 wpforms-render-modern\" id=\"wpforms-928\"><form id=\"wpforms-form-928\" class=\"wpforms-validate wpforms-form wpforms-ajax-form\" data-formid=\"928\" method=\"post\" enctype=\"multipart\/form-data\" action=\"\/es\/wp-json\/wp\/v2\/pages\/768\" data-token=\"207bd987ac10a272c420ea042258b323\" data-token-time=\"1776847720\"><noscript class=\"wpforms-error-noscript\">Por favor, activa JavaScript en tu navegador para completar este formulario.<\/noscript><div id=\"wpforms-error-noscript\" style=\"display: none;\">Por favor, activa JavaScript en tu navegador para completar este formulario.<\/div><div class=\"wpforms-field-container\"><div id=\"wpforms-928-field_1-container\" class=\"wpforms-field wpforms-field-name\" data-field-id=\"1\"><fieldset><legend class=\"wpforms-field-label\">Nombre <span class=\"wpforms-required-label\" aria-hidden=\"true\">*<\/span><\/legend><div class=\"wpforms-field-row wpforms-field-medium\"><div class=\"wpforms-field-row-block wpforms-first wpforms-one-half\"><input type=\"text\" id=\"wpforms-928-field_1\" class=\"wpforms-field-name-first wpforms-field-required\" name=\"wpforms[fields][1][first]\" aria-errormessage=\"wpforms-928-field_1-error\" required><label for=\"wpforms-928-field_1\" class=\"wpforms-field-sublabel after\">Primero<\/label><\/div><div class=\"wpforms-field-row-block wpforms-one-half\"><input type=\"text\" id=\"wpforms-928-field_1-last\" class=\"wpforms-field-name-last wpforms-field-required\" name=\"wpforms[fields][1][last]\" aria-errormessage=\"wpforms-928-field_1-last-error\" required><label for=\"wpforms-928-field_1-last\" class=\"wpforms-field-sublabel after\">\u00daltima<\/label><\/div><\/div><\/fieldset><\/div><div id=\"wpforms-928-field_2-container\" class=\"wpforms-field wpforms-field-email\" data-field-id=\"2\"><label class=\"wpforms-field-label\" for=\"wpforms-928-field_2\">Env\u00eda un correo electr\u00f3nico a <span class=\"wpforms-required-label\" aria-hidden=\"true\">*<\/span><\/label><input type=\"email\" id=\"wpforms-928-field_2\" class=\"wpforms-field-medium wpforms-field-required\" name=\"wpforms[fields][2]\" spellcheck=\"false\" aria-errormessage=\"wpforms-928-field_2-error\" required><\/div>\t\t<div id=\"wpforms-928-field_4-container\"\n\t\t\tclass=\"wpforms-field wpforms-field-text\"\n\t\t\tdata-field-type=\"text\"\n\t\t\tdata-field-id=\"4\"\n\t\t\t>\n\t\t\t<label class=\"wpforms-field-label\" for=\"wpforms-928-field_4\" >a correo un<\/label>\n\t\t\t<input type=\"text\" id=\"wpforms-928-field_4\" class=\"wpforms-field-medium\" name=\"wpforms[fields][4]\" >\n\t\t<\/div>\n\t\t<div id=\"wpforms-928-field_3-container\" class=\"wpforms-field wpforms-field-textarea\" data-field-id=\"3\"><label class=\"wpforms-field-label\" for=\"wpforms-928-field_3\">Mensaje<\/label><textarea id=\"wpforms-928-field_3\" class=\"wpforms-field-large\" name=\"wpforms[fields][3]\" aria-errormessage=\"wpforms-928-field_3-error\" aria-describedby=\"wpforms-928-field_3-description\" ><\/textarea><div id=\"wpforms-928-field_3-description\" class=\"wpforms-field-description\">Dinos por qu\u00e9 te gustar\u00eda conectar.<\/div><\/div><script>\n\t\t\t\t( function() {\n\t\t\t\t\tconst style = document.createElement( 'style' );\n\t\t\t\t\tstyle.appendChild( document.createTextNode( '#wpforms-928-field_4-container { position: absolute !important; overflow: hidden !important; display: inline !important; height: 1px !important; width: 1px !important; z-index: -1000 !important; padding: 0 !important; } #wpforms-928-field_4-container input { visibility: hidden; } #wpforms-conversational-form-page #wpforms-928-field_4-container label { counter-increment: none; }' ) );\n\t\t\t\t\tdocument.head.appendChild( style );\n\t\t\t\t\tdocument.currentScript?.remove();\n\t\t\t\t} )();\n\t\t\t<\/script><\/div><!-- .wpforms-field-container --><div class=\"wpforms-submit-container\" ><input type=\"hidden\" name=\"wpforms[id]\" value=\"928\"><input type=\"hidden\" name=\"page_title\" value=\"\"><input type=\"hidden\" name=\"page_url\" value=\"https:\/\/odellgold.com\/es\/wp-json\/wp\/v2\/pages\/768\"><input type=\"hidden\" name=\"url_referer\" value=\"\"><button type=\"submit\" name=\"wpforms[submit]\" id=\"wpforms-submit-928\" class=\"wpforms-submit\" data-alt-text=\"Enviando...\" data-submit-text=\"Env\u00eda\" aria-live=\"assertive\" value=\"wpforms-submit\">Env\u00eda<\/button><img loading=\"lazy\" decoding=\"async\" src=\"https:\/\/odellgold.com\/wp-content\/plugins\/wpforms-lite\/assets\/images\/submit-spin.svg\" class=\"wpforms-submit-spinner\" style=\"display: none;\" width=\"26\" height=\"26\" alt=\"Cargando\"><\/div><\/form><\/div>  <!-- .wpforms-container -->","protected":false},"excerpt":{"rendered":"<p>Odell Mining, \u00c1frica Occidental Odell Mining, una operaci\u00f3n minera de primer orden con sede en \u00c1frica Occidental, se ha consolidado como un nombre de confianza en el sector mundial de los metales preciosos. Con un rico legado, hemos cultivado una clientela internacional diversa y construido una reputaci\u00f3n de excelencia en el comercio de oro y [&hellip;]<\/p>\n","protected":false},"author":129994337,"featured_media":203,"parent":0,"menu_order":3,"comment_status":"closed","ping_status":"closed","template":"","meta":{"_crdt_document":"","advanced_seo_description":"","jetpack_seo_html_title":"","jetpack_seo_noindex":false,"footnotes":""},"class_list":["post-768","page","type-page","status-publish","has-post-thumbnail","hentry"],"jetpack_likes_enabled":true,"jetpack_sharing_enabled":true,"jetpack_shortlink":"https:\/\/wp.me\/Pg2PGk-co","jetpack-related-posts":[],"_links":{"self":[{"href":"https:\/\/odellgold.com\/es\/wp-json\/wp\/v2\/pages\/768","targetHints":{"allow":["GET"]}}],"collection":[{"href":"https:\/\/odellgold.com\/es\/wp-json\/wp\/v2\/pages"}],"about":[{"href":"https:\/\/odellgold.com\/es\/wp-json\/wp\/v2\/types\/page"}],"author":[{"embeddable":true,"href":"https:\/\/odellgold.com\/es\/wp-json\/wp\/v2\/users\/129994337"}],"replies":[{"embeddable":true,"href":"https:\/\/odellgold.com\/es\/wp-json\/wp\/v2\/comments?post=768"}],"version-history":[{"count":2,"href":"https:\/\/odellgold.com\/es\/wp-json\/wp\/v2\/pages\/768\/revisions"}],"predecessor-version":[{"id":955,"href":"https:\/\/odellgold.com\/es\/wp-json\/wp\/v2\/pages\/768\/revisions\/955"}],"wp:featuredmedia":[{"embeddable":true,"href":"https:\/\/odellgold.com\/es\/wp-json\/wp\/v2\/media\/203"}],"wp:attachment":[{"href":"https:\/\/odellgold.com\/es\/wp-json\/wp\/v2\/media?parent=768"}],"curies":[{"name":"wp","href":"https:\/\/api.w.org\/{rel}","templated":true}]}}