{"id":716,"date":"2024-09-19T22:53:45","date_gmt":"2024-09-19T18:53:45","guid":{"rendered":"https:\/\/odellgold.com\/consultoria\/"},"modified":"2024-10-27T18:23:23","modified_gmt":"2024-10-27T14:23:23","slug":"consultoria","status":"publish","type":"page","link":"https:\/\/odellgold.com\/es\/consultoria\/","title":{"rendered":"Consultor\u00eda"},"content":{"rendered":"\n<h2 class=\"wp-block-heading has-x-large-font-size\"><strong>Nuestra oferta de asesoramiento<\/strong><\/h2>\n\n<p class=\"wp-block-paragraph\">En el complejo y din\u00e1mico mundo del comercio y la miner\u00eda de metales preciosos, las empresas se enfrentan a menudo a un sinf\u00edn de retos que requieren orientaci\u00f3n y apoyo expertos. Desde la navegaci\u00f3n por intrincadas normativas internacionales hasta la optimizaci\u00f3n de las cadenas de suministro y la identificaci\u00f3n de compradores fiables, el camino hacia el \u00e9xito en esta industria est\u00e1 plagado de posibles escollos. <\/p>\n\n<p class=\"wp-block-paragraph\">Nuestros servicios integrales de consultor\u00eda est\u00e1n dise\u00f1ados para abordar estos retos de frente, proporcionando a los clientes los conocimientos, las conexiones y las estrategias que necesitan para prosperar en los mercados mundiales del oro y los metales preciosos.<\/p>\n\n<p class=\"wp-block-paragraph\">Tanto si eres una empresa minera que quiere ampliar su alcance como si eres un comerciante que quiere agilizar sus procesos o un inversor que quiere tomar decisiones informadas en el sector de los minerales, nuestro equipo de expertos est\u00e1 aqu\u00ed para guiarte en cada paso del camino.<\/p>\n\n<h3 class=\"wp-block-heading has-large-font-size\" id=\"ConsultingProcurement\"><strong>Adquisiciones<\/strong><\/h3>\n\n<p class=\"wp-block-paragraph\">Nuestros servicios de consultor\u00eda en aprovisionamiento de oro y metales preciosos est\u00e1n dise\u00f1ados para ayudar a los clientes a obtener recursos de alta calidad de forma eficaz y rentable. Aprovechamos nuestra amplia red de proveedores y nuestro profundo conocimiento del mercado para identificar las mejores oportunidades de adquisici\u00f3n para nuestros clientes. Nuestros expertos ayudan a evaluar a los posibles proveedores, negociar condiciones favorables y garantizar el cumplimiento de las normas y reglamentos internacionales. Tambi\u00e9n ofrecemos orientaci\u00f3n sobre medidas de control de calidad, ayudando a los clientes a implantar sistemas s\u00f3lidos para verificar la autenticidad y calidad de los metales preciosos adquiridos. Adem\u00e1s, nuestro equipo ofrece informaci\u00f3n sobre las tendencias del mercado y las fluctuaciones de los precios, lo que permite a los clientes tomar decisiones estrat\u00e9gicas de compra que optimizan su cadena de suministro y maximizan la rentabilidad.    <\/p>\n\n<p class=\"wp-block-paragraph\">Tanto si quieres asegurarte un suministro constante de oro, hierro, titanio, zinc o cobre, nuestros servicios de consultor\u00eda en aprovisionamiento te ayudar\u00e1n a navegar con confianza por las complejidades del mercado mundial del oro y los metales.<\/p>\n\n<h3 class=\"wp-block-heading has-large-font-size\" id=\"ConsultingLogistics\"><strong>Log\u00edstica minera y de metales preciosos<\/strong><\/h3>\n\n<p class=\"wp-block-paragraph\">La log\u00edstica de la extracci\u00f3n y el transporte de metales preciosos presenta retos \u00fanicos que requieren conocimientos especializados. Nuestros servicios de consultor\u00eda minera y log\u00edstica est\u00e1n dise\u00f1ados para optimizar cada etapa del proceso, desde la extracci\u00f3n hasta la entrega. Empezamos analizando tus operaciones actuales para identificar \u00e1reas de mejora de la eficacia y la rentabilidad. Nuestros expertos orientan sobre las mejores pr\u00e1cticas en planificaci\u00f3n minera, t\u00e9cnicas de extracci\u00f3n y procesamiento in situ para maximizar el rendimiento y minimizar el impacto medioambiental. En cuanto al transporte, ayudamos a los clientes a dise\u00f1ar y aplicar estrategias log\u00edsticas s\u00f3lidas que garanticen el traslado seguro y puntual del oro y los metales preciosos a trav\u00e9s de las fronteras. Esto incluye asesoramiento sobre la selecci\u00f3n de los m\u00e9todos de transporte m\u00e1s adecuados, la optimizaci\u00f3n de las rutas, la gesti\u00f3n de los tr\u00e1mites aduaneros y la implantaci\u00f3n de sistemas de seguimiento para la visibilidad en tiempo real de los env\u00edos. Tambi\u00e9n prestamos asistencia en la evaluaci\u00f3n y mitigaci\u00f3n de riesgos, ayudando a los clientes a sortear posibles perturbaciones como la inestabilidad geopol\u00edtica, los cambios normativos o las cat\u00e1strofes naturales. Al racionalizar tus operaciones mineras y log\u00edsticas, te ayudamos a reducir costes, mejorar la fiabilidad y obtener una ventaja competitiva en el mercado mundial del oro.       <\/p>\n\n<h3 class=\"wp-block-heading has-large-font-size\" id=\"ConsultingTrading\"><strong>Consultor\u00eda Comercial<\/strong><\/h3>\n\n<p class=\"wp-block-paragraph\">Navegar por los entresijos del comercio internacional de oro y metales requiere no s\u00f3lo comprender la din\u00e1mica del mercado, sino tambi\u00e9n contar con una red de socios y compradores fiables. Nuestros servicios de consultor\u00eda comercial est\u00e1n dise\u00f1ados para ayudar a los clientes a ampliar su alcance en el mercado y forjar valiosas conexiones con compradores cualificados de todo el mundo. <\/p>\n\n<p class=\"wp-block-paragraph\">Empezamos realizando un an\u00e1lisis exhaustivo de tus productos, mercados de destino y objetivos empresariales para desarrollar una estrategia comercial a medida. Nuestro equipo proporciona orientaci\u00f3n experta sobre estrategias de fijaci\u00f3n de precios, negociaci\u00f3n de contratos y gesti\u00f3n de riesgos en las transacciones internacionales. Tambi\u00e9n ofrecemos una perspectiva inestimable de las tendencias de los mercados regionales, ayud\u00e1ndote a identificar oportunidades emergentes y a adaptarte a los patrones cambiantes de la demanda. Aprovechando nuestra amplia red mundial, facilitamos presentaciones a compradores examinados y de alta calidad, asegur\u00e1ndonos de que te conectas con socios que cumplen tus requisitos espec\u00edficos y comparten tu compromiso con las pr\u00e1cticas comerciales \u00e9ticas. Nuestros expertos tambi\u00e9n te ayudan a navegar por el complejo panorama de la normativa comercial internacional, garantizando el cumplimiento de las leyes de exportaci\u00f3n e importaci\u00f3n, las sanciones y la normativa contra el blanqueo de dinero.      <\/p>\n\n<p class=\"wp-block-paragraph\">Tanto si quieres entrar en nuevos mercados, diversificar tu cartera de compradores u optimizar tus relaciones comerciales actuales, nuestros servicios de consultor\u00eda comercial te permitir\u00e1n tomar decisiones informadas y lograr un crecimiento sostenible en el mercado mundial de minerales.<\/p>\n\n<h3 class=\"wp-block-heading has-large-font-size\" id=\"ConsultingInvestment\"><strong>Consultor\u00eda de inversiones<\/strong><\/h3>\n\n<p class=\"wp-block-paragraph\">En Odell Gold tambi\u00e9n ampliamos nuestra experiencia m\u00e1s all\u00e1 del comercio y la miner\u00eda para ofrecer servicios integrales de consultor\u00eda de inversiones. Nuestro equipo de avezados expertos financieros proporciona orientaci\u00f3n personalizada a los clientes que desean diversificar sus carteras con oro y minerales, activos famosos por su estabilidad y potencial de revalorizaci\u00f3n en climas econ\u00f3micos vol\u00e1tiles. Ofrecemos an\u00e1lisis en profundidad del mercado, evaluaci\u00f3n de riesgos y planificaci\u00f3n estrat\u00e9gica de inversiones, ayud\u00e1ndote a navegar con confianza por las complejidades de los mercados de metales preciosos y minerales. Nuestros asesores aprovechan los amplios conocimientos del sector y la red mundial de Odell para identificar oportunidades lucrativas, ya sea en oro f\u00edsico, acciones mineras o futuros de metales preciosos. En una \u00e9poca de incertidumbre econ\u00f3mica, nuestros servicios de consultor\u00eda de inversiones te permiten salvaguardar y aumentar tu patrimonio mediante el valor intemporal del oro y el potencial estrat\u00e9gico de los recursos minerales. Con Odell Gold Trading como socio inversor, no s\u00f3lo inviertes en materias primas, sino que te aseguras un futuro financiero resistente.     <\/p>\n","protected":false},"excerpt":{"rendered":"<p>Nuestra oferta de asesoramiento En el complejo y din\u00e1mico mundo del comercio y la miner\u00eda de metales preciosos, las empresas se enfrentan a menudo a un sinf\u00edn de retos que requieren orientaci\u00f3n y apoyo expertos. Desde la navegaci\u00f3n por intrincadas normativas internacionales hasta la optimizaci\u00f3n de las cadenas de suministro y la identificaci\u00f3n de compradores [&hellip;]<\/p>\n","protected":false},"author":129994337,"featured_media":355,"parent":0,"menu_order":0,"comment_status":"closed","ping_status":"closed","template":"","meta":{"_crdt_document":"","advanced_seo_description":"","jetpack_seo_html_title":"","jetpack_seo_noindex":false,"footnotes":""},"class_list":["post-716","page","type-page","status-publish","has-post-thumbnail","hentry"],"jetpack_likes_enabled":true,"jetpack_sharing_enabled":true,"jetpack_shortlink":"https:\/\/wp.me\/Pg2PGk-by","jetpack-related-posts":[],"_links":{"self":[{"href":"https:\/\/odellgold.com\/es\/wp-json\/wp\/v2\/pages\/716","targetHints":{"allow":["GET"]}}],"collection":[{"href":"https:\/\/odellgold.com\/es\/wp-json\/wp\/v2\/pages"}],"about":[{"href":"https:\/\/odellgold.com\/es\/wp-json\/wp\/v2\/types\/page"}],"author":[{"embeddable":true,"href":"https:\/\/odellgold.com\/es\/wp-json\/wp\/v2\/users\/129994337"}],"replies":[{"embeddable":true,"href":"https:\/\/odellgold.com\/es\/wp-json\/wp\/v2\/comments?post=716"}],"version-history":[{"count":1,"href":"https:\/\/odellgold.com\/es\/wp-json\/wp\/v2\/pages\/716\/revisions"}],"predecessor-version":[{"id":718,"href":"https:\/\/odellgold.com\/es\/wp-json\/wp\/v2\/pages\/716\/revisions\/718"}],"wp:featuredmedia":[{"embeddable":true,"href":"https:\/\/odellgold.com\/es\/wp-json\/wp\/v2\/media\/355"}],"wp:attachment":[{"href":"https:\/\/odellgold.com\/es\/wp-json\/wp\/v2\/media?parent=716"}],"curies":[{"name":"wp","href":"https:\/\/api.w.org\/{rel}","templated":true}]}}