{"id":697,"date":"2024-09-19T22:39:58","date_gmt":"2024-09-19T18:39:58","guid":{"rendered":"https:\/\/odellgold.com\/custodia-segura\/"},"modified":"2024-10-30T04:40:22","modified_gmt":"2024-10-30T00:40:22","slug":"custodia-segura","status":"publish","type":"page","link":"https:\/\/odellgold.com\/es\/custodia-segura\/","title":{"rendered":"Custodia segura"},"content":{"rendered":"\n<h2 class=\"wp-block-heading has-x-large-font-size\"><strong>Seguro<\/strong> <strong>Custodia<\/strong> <strong>Servicios<\/strong><\/h2>\n\n<p class=\"wp-block-paragraph\">En Odell, redefinimos el est\u00e1ndar de custodia segura para tus metales preciosos de valor incalculable, elevando la seguridad a una forma de arte. Nuestro servicio trasciende el mero almacenamiento; proporcionamos un santuario inexpugnable donde tus bienes residen bajo la protecci\u00f3n constante de una seguridad de vanguardia y un seguro a todo riesgo, garantizando una tranquilidad sin igual. <\/p>\n\n<p class=\"wp-block-paragraph\">Nuestras instalaciones, similares a una fortaleza, constituyen el n\u00facleo de nuestras operaciones, vigiladas incesantemente y protegidas por capas de sofisticadas defensas. Conscientes de la naturaleza \u00fanica de tus bienes y de la confianza que depositas en nosotros, hemos creado una gama de soluciones de almacenamiento seguro adaptadas a las diversas necesidades de nuestra estimada clientela. <\/p>\n\n<h2 class=\"wp-block-heading has-large-font-size\">\u00bfPor qu\u00e9 elegir Odell para la custodia segura de tus metales preciosos?<\/h2>\n\n<ul class=\"wp-block-list\">\n<li><strong>Seguridad sin concesiones<\/strong>: Nuestras instalaciones son un baluarte contra las amenazas, custodiadas las 24 horas del d\u00eda por profesionales de la seguridad y bajo vigilancia constante. Hemos implantado controles de acceso biom\u00e9tricos para garantizar que s\u00f3lo las personas autorizadas puedan interactuar con tus activos. <\/li>\n\n\n\n<li><strong>Protecci\u00f3n resistente<\/strong>: Comprendiendo el valor de tus inversiones, nuestro sistema de extinci\u00f3n de incendios de \u00faltima generaci\u00f3n te protege contra cat\u00e1strofes imprevistas. Nuestro compromiso con el funcionamiento continuo se ve reforzado por dos fuentes de energ\u00eda: un robusto generador y un respaldo solar ecol\u00f3gico, que garantizan que nuestras defensas permanezcan activas 24 horas al d\u00eda, 7 d\u00edas a la semana. <\/li>\n\n\n\n<li><strong>Opciones de seguro a medida<\/strong>: Tu tranquilidad es nuestra principal preocupaci\u00f3n. Ofrecemos una amplia gama de opciones de seguros, cada una de ellas dise\u00f1ada para proporcionar una protecci\u00f3n completa, salvaguardando tus inversiones frente a cualquier eventualidad. <\/li>\n\n\n\n<li><strong>Compromiso con la excelencia<\/strong>: En Odell, no s\u00f3lo aseguramos tus metales preciosos; salvaguardamos tu confianza. Nuestro entregado equipo ofrece un servicio de atenci\u00f3n al cliente ejemplar, garantizando que cada interacci\u00f3n refleje el valor de los tesoros que protegemos. <\/li>\n\n\n\n<li><strong>Soluciones de almacenamiento innovadoras<\/strong>: Desde cajas de seguridad hasta grandes c\u00e1maras acorazadas, nuestras diversas opciones de almacenamiento se adaptan a tus necesidades espec\u00edficas, ofreciendo flexibilidad y seguridad.<\/li>\n<\/ul>\n\n<p class=\"wp-block-paragraph\">Elegir a Odell significa confiar tus metales preciosos a un santuario donde su seguridad est\u00e1 garantizada, no s\u00f3lo prometida. Con nosotros, tus activos est\u00e1n protegidos por los m\u00e1s altos niveles de seguridad, cuidados con una profesionalidad sin igual y protegidos por una fortaleza vigilante. Bienvenido al futuro del almacenamiento de metales preciosos, donde tu tranquilidad es nuestra misi\u00f3n \u00faltima.  <\/p>\n","protected":false},"excerpt":{"rendered":"<p>Seguro Custodia Servicios En Odell, redefinimos el est\u00e1ndar de custodia segura para tus metales preciosos de valor incalculable, elevando la seguridad a una forma de arte. Nuestro servicio trasciende el mero almacenamiento; proporcionamos un santuario inexpugnable donde tus bienes residen bajo la protecci\u00f3n constante de una seguridad de vanguardia y un seguro a todo riesgo, [&hellip;]<\/p>\n","protected":false},"author":129994337,"featured_media":339,"parent":0,"menu_order":0,"comment_status":"closed","ping_status":"closed","template":"","meta":{"_crdt_document":"","advanced_seo_description":"","jetpack_seo_html_title":"","jetpack_seo_noindex":false,"footnotes":""},"class_list":["post-697","page","type-page","status-publish","has-post-thumbnail","hentry"],"jetpack_likes_enabled":true,"jetpack_sharing_enabled":true,"jetpack_shortlink":"https:\/\/wp.me\/Pg2PGk-bf","jetpack-related-posts":[],"_links":{"self":[{"href":"https:\/\/odellgold.com\/es\/wp-json\/wp\/v2\/pages\/697","targetHints":{"allow":["GET"]}}],"collection":[{"href":"https:\/\/odellgold.com\/es\/wp-json\/wp\/v2\/pages"}],"about":[{"href":"https:\/\/odellgold.com\/es\/wp-json\/wp\/v2\/types\/page"}],"author":[{"embeddable":true,"href":"https:\/\/odellgold.com\/es\/wp-json\/wp\/v2\/users\/129994337"}],"replies":[{"embeddable":true,"href":"https:\/\/odellgold.com\/es\/wp-json\/wp\/v2\/comments?post=697"}],"version-history":[{"count":2,"href":"https:\/\/odellgold.com\/es\/wp-json\/wp\/v2\/pages\/697\/revisions"}],"predecessor-version":[{"id":925,"href":"https:\/\/odellgold.com\/es\/wp-json\/wp\/v2\/pages\/697\/revisions\/925"}],"wp:featuredmedia":[{"embeddable":true,"href":"https:\/\/odellgold.com\/es\/wp-json\/wp\/v2\/media\/339"}],"wp:attachment":[{"href":"https:\/\/odellgold.com\/es\/wp-json\/wp\/v2\/media?parent=697"}],"curies":[{"name":"wp","href":"https:\/\/api.w.org\/{rel}","templated":true}]}}