{"id":428,"date":"2024-09-17T15:27:03","date_gmt":"2024-09-17T11:27:03","guid":{"rendered":"https:\/\/odellgold.com\/acerca-de\/"},"modified":"2024-10-27T04:35:49","modified_gmt":"2024-10-27T00:35:49","slug":"acerca-de","status":"publish","type":"page","link":"https:\/\/odellgold.com\/es\/acerca-de\/","title":{"rendered":"Acerca de"},"content":{"rendered":"\n<p class=\"has-x-large-font-size wp-block-paragraph\"><strong>Operaciones diversificadas, alcance mundial<\/strong><\/p>\n\n<p class=\"wp-block-paragraph\">Odell Gold es un actor preeminente en el mercado mundial de minerales y metales preciosos, que aprovecha su experiencia en una gama diversificada de l\u00edneas de negocio. Desde nuestras operaciones comerciales en Dubai hasta nuestras operaciones mineras en \u00c1frica Occidental, somos un socio de confianza para empresas e inversores que buscan un acceso fiable a oro, metales preciosos y otras materias primas valiosas de alta calidad. Nuestro compromiso inquebrantable con la excelencia, las pr\u00e1cticas \u00e9ticas y la satisfacci\u00f3n del cliente ha consolidado nuestra reputaci\u00f3n como l\u00edder del sector.  <\/p>\n\n<div class=\"wp-block-media-text is-stacked-on-mobile\"><figure class=\"wp-block-media-text__media\"><img data-recalc-dims=\"1\" loading=\"lazy\" decoding=\"async\" width=\"868\" height=\"1300\" src=\"https:\/\/i0.wp.com\/odellgold.com\/wp-content\/uploads\/2024\/09\/pexels-photo-3787840.jpeg?resize=868%2C1300&#038;ssl=1\" alt=\"\" class=\"wp-image-117 size-full\" \/><\/figure><div class=\"wp-block-media-text__content\">\n<p class=\"has-text-align-right has-large-font-size wp-block-paragraph\"><strong>Prosperar en el centro mineral de Dubai<\/strong><\/p>\n\n\n\n<p class=\"has-text-align-right wp-block-paragraph\">Estrat\u00e9gicamente situada en el coraz\u00f3n de Dubai, nuestra rama comercial sirve de conducto vital para el movimiento mundial de oro, diamantes y otros minerales. Respaldados por un equipo de profesionales experimentados y una amplia red de proveedores, destacamos en el abastecimiento de productos de la mejor calidad y en su entrega eficiente a nuestros clientes de todo el mundo. Nuestro profundo conocimiento del mercado, nuestras innovadoras soluciones log\u00edsticas y nuestro compromiso con la transparencia nos han granjeado una distinguida reputaci\u00f3n en la comunidad comercial de Dubai.  <\/p>\n<\/div><\/div>\n\n<div class=\"wp-block-media-text has-media-on-the-right is-stacked-on-mobile\"><div class=\"wp-block-media-text__content\">\n<p class=\"has-large-font-size wp-block-paragraph\"><strong>Un Oeste<\/strong> <strong>africano<\/strong> <strong>de \u00c1frica Occidental<\/strong><\/p>\n\n\n\n<p class=\"wp-block-paragraph\">En la pr\u00f3spera \u00c1frica Occidental, explotamos una pr\u00f3spera empresa minera que extrae y procesa una diversa gama de valiosos minerales, como oro, hierro, titanio, zinc, cobre y otros elementos de tierras raras. Aprovechando los ricos recursos naturales del pa\u00eds y un entorno normativo favorable, nuestras operaciones mineras cumplen las normas m\u00e1s estrictas de seguridad, gesti\u00f3n medioambiental y pr\u00e1cticas \u00e9ticas. Con nuestra completa gama de servicios, desde la exploraci\u00f3n y la extracci\u00f3n hasta el procesamiento y la certificaci\u00f3n, proporcionamos a nuestra clientela mundial un suministro fiable y sostenible de metales de primera calidad.  <\/p>\n<\/div><figure class=\"wp-block-media-text__media\"><img data-recalc-dims=\"1\" loading=\"lazy\" decoding=\"async\" width=\"1702\" height=\"2401\" src=\"https:\/\/i0.wp.com\/odellgold.com\/wp-content\/uploads\/2024\/09\/83e55156babf597c84b511d7bcabd203.jpg?resize=1702%2C2401&#038;ssl=1\" alt=\"\" class=\"wp-image-118 size-full\" \/><\/figure><\/div>\n","protected":false},"excerpt":{"rendered":"<p>Operaciones diversificadas, alcance mundial Odell Gold es un actor preeminente en el mercado mundial de minerales y metales preciosos, que aprovecha su experiencia en una gama diversificada de l\u00edneas de negocio. Desde nuestras operaciones comerciales en Dubai hasta nuestras operaciones mineras en \u00c1frica Occidental, somos un socio de confianza para empresas e inversores que buscan [&hellip;]<\/p>\n","protected":false},"author":255788733,"featured_media":227,"parent":0,"menu_order":1,"comment_status":"closed","ping_status":"open","template":"","meta":{"_crdt_document":"","advanced_seo_description":"","jetpack_seo_html_title":"","jetpack_seo_noindex":false,"footnotes":""},"class_list":["post-428","page","type-page","status-publish","has-post-thumbnail","hentry"],"jetpack_likes_enabled":true,"jetpack_sharing_enabled":true,"jetpack_shortlink":"https:\/\/wp.me\/Pg2PGk-6U","jetpack-related-posts":[],"_links":{"self":[{"href":"https:\/\/odellgold.com\/es\/wp-json\/wp\/v2\/pages\/428","targetHints":{"allow":["GET"]}}],"collection":[{"href":"https:\/\/odellgold.com\/es\/wp-json\/wp\/v2\/pages"}],"about":[{"href":"https:\/\/odellgold.com\/es\/wp-json\/wp\/v2\/types\/page"}],"author":[{"embeddable":true,"href":"https:\/\/odellgold.com\/es\/wp-json\/wp\/v2\/users\/255788733"}],"replies":[{"embeddable":true,"href":"https:\/\/odellgold.com\/es\/wp-json\/wp\/v2\/comments?post=428"}],"version-history":[{"count":1,"href":"https:\/\/odellgold.com\/es\/wp-json\/wp\/v2\/pages\/428\/revisions"}],"predecessor-version":[{"id":431,"href":"https:\/\/odellgold.com\/es\/wp-json\/wp\/v2\/pages\/428\/revisions\/431"}],"wp:featuredmedia":[{"embeddable":true,"href":"https:\/\/odellgold.com\/es\/wp-json\/wp\/v2\/media\/227"}],"wp:attachment":[{"href":"https:\/\/odellgold.com\/es\/wp-json\/wp\/v2\/media?parent=428"}],"curies":[{"name":"wp","href":"https:\/\/api.w.org\/{rel}","templated":true}]}}