{"id":702,"date":"2024-09-19T22:39:58","date_gmt":"2024-09-19T18:39:58","guid":{"rendered":"https:\/\/odellgold.com\/sichere-verwahrung\/"},"modified":"2024-10-30T04:40:54","modified_gmt":"2024-10-30T00:40:54","slug":"sichere-verwahrung","status":"publish","type":"page","link":"https:\/\/odellgold.com\/de\/sichere-verwahrung\/","title":{"rendered":"Sichere Verwahrung"},"content":{"rendered":"\n<h2 class=\"wp-block-heading has-x-large-font-size\"><strong>Sicher<\/strong> <strong>Verwahrung<\/strong> <strong>Dienstleistungen<\/strong><\/h2>\n\n<p class=\"wp-block-paragraph\">Wir bei Odell definieren den Standard f\u00fcr die sichere Aufbewahrung Ihrer wertvollen Edelmetalle neu und erheben die Sicherheit zu einer Kunstform. Unser Service geht \u00fcber die blo\u00dfe Aufbewahrung hinaus. Wir bieten Ihnen ein uneinnehmbares Heiligtum, in dem Ihre Verm\u00f6genswerte unter dem st\u00e4ndigen Schutz modernster Sicherheitsvorkehrungen und umfassender Versicherungen aufbewahrt werden, um Ihnen einen unvergleichlichen Seelenfrieden zu garantieren. <\/p>\n\n<p class=\"wp-block-paragraph\">Unsere festungs\u00e4hnliche Anlage ist das Herzst\u00fcck unseres Unternehmens, das ununterbrochen \u00fcberwacht wird und durch eine Reihe von hochentwickelten Verteidigungssystemen gesch\u00fctzt ist. Da wir die Einzigartigkeit Ihrer Verm\u00f6genswerte und das Vertrauen, das Sie in uns setzen, erkannt haben, haben wir eine Reihe von L\u00f6sungen zur sicheren Lagerung entwickelt, die auf die unterschiedlichen Bed\u00fcrfnisse unserer gesch\u00e4tzten Kunden zugeschnitten sind. <\/p>\n\n<h2 class=\"wp-block-heading has-large-font-size\">Warum sollten Sie Odell f\u00fcr die sichere Verwahrung Ihrer Edelmetalle w\u00e4hlen?<\/h2>\n\n<ul class=\"wp-block-list\">\n<li><strong>Kompromisslose Sicherheit<\/strong>: Unsere Anlage ist ein Bollwerk gegen Bedrohungen. Sie wird rund um die Uhr von Sicherheitsexperten bewacht und steht unter st\u00e4ndiger Beobachtung. Wir haben biometrische Zugangskontrollen eingef\u00fchrt, um sicherzustellen, dass nur befugte Personen mit Ihrem Verm\u00f6gen interagieren k\u00f6nnen. <\/li>\n\n\n\n<li><strong>Unverw\u00fcstlicher Schutz<\/strong>: Da wir den Wert Ihrer Investitionen kennen, sch\u00fctzt unser hochmodernes Feuerl\u00f6schsystem vor unvorhergesehenen Katastrophen. Unser Engagement f\u00fcr einen kontinuierlichen Betrieb wird durch zwei Stromquellen verst\u00e4rkt: einen robusten Generator und ein umweltfreundliches Solar-Backup, das sicherstellt, dass unser Schutz 24\/7 aktiv bleibt. <\/li>\n\n\n\n<li><strong>Ma\u00dfgeschneiderte Versicherungsoptionen<\/strong>: Ihr Seelenfrieden ist unser wichtigstes Anliegen. Wir bieten Ihnen ein breites Spektrum an Versicherungsoptionen, die jeweils einen umfassenden Schutz bieten und Ihre Investitionen gegen alle Eventualit\u00e4ten absichern. <\/li>\n\n\n\n<li><strong>Verpflichtung zur Exzellenz<\/strong>: Wir bei Odell sichern nicht nur Ihre Edelmetalle, wir sch\u00fctzen auch Ihr Vertrauen. Unser engagiertes Team bietet einen beispielhaften Kundenservice und stellt sicher, dass jede Interaktion den Wert der Sch\u00e4tze, die wir sch\u00fctzen, widerspiegelt. <\/li>\n\n\n\n<li><strong>Innovative Aufbewahrungsl\u00f6sungen<\/strong>: Von Bankschlie\u00dff\u00e4chern bis hin zu gro\u00dfen Tresoren &#8211; unsere vielf\u00e4ltigen Aufbewahrungsm\u00f6glichkeiten erf\u00fcllen Ihre speziellen Bed\u00fcrfnisse und bieten sowohl Flexibilit\u00e4t als auch Sicherheit.<\/li>\n<\/ul>\n\n<p class=\"wp-block-paragraph\">Wenn Sie sich f\u00fcr Odell entscheiden, vertrauen Sie Ihre Edelmetalle einem Ort an, an dem ihre Sicherheit nicht nur versprochen, sondern auch garantiert wird. Bei uns ist Ihr Verm\u00f6gen in den h\u00f6chsten Sicherheitsstandard geh\u00fcllt, wird mit beispielloser Professionalit\u00e4t betreut und von einer wachsamen Festung gesch\u00fctzt. Willkommen in der Zukunft der Edelmetalllagerung &#8211; wo Ihr Seelenfrieden unser oberstes Ziel ist.  <\/p>\n","protected":false},"excerpt":{"rendered":"<p>Sicher Verwahrung Dienstleistungen Wir bei Odell definieren den Standard f\u00fcr die sichere Aufbewahrung Ihrer wertvollen Edelmetalle neu und erheben die Sicherheit zu einer Kunstform. Unser Service geht \u00fcber die blo\u00dfe Aufbewahrung hinaus. Wir bieten Ihnen ein uneinnehmbares Heiligtum, in dem Ihre Verm\u00f6genswerte unter dem st\u00e4ndigen Schutz modernster Sicherheitsvorkehrungen und umfassender Versicherungen aufbewahrt werden, um Ihnen [&hellip;]<\/p>\n","protected":false},"author":129994337,"featured_media":335,"parent":0,"menu_order":0,"comment_status":"closed","ping_status":"closed","template":"","meta":{"_crdt_document":"","advanced_seo_description":"","jetpack_seo_html_title":"","jetpack_seo_noindex":false,"footnotes":""},"class_list":["post-702","page","type-page","status-publish","has-post-thumbnail","hentry"],"jetpack_likes_enabled":true,"jetpack_sharing_enabled":true,"jetpack_shortlink":"https:\/\/wp.me\/Pg2PGk-bk","jetpack-related-posts":[],"_links":{"self":[{"href":"https:\/\/odellgold.com\/de\/wp-json\/wp\/v2\/pages\/702","targetHints":{"allow":["GET"]}}],"collection":[{"href":"https:\/\/odellgold.com\/de\/wp-json\/wp\/v2\/pages"}],"about":[{"href":"https:\/\/odellgold.com\/de\/wp-json\/wp\/v2\/types\/page"}],"author":[{"embeddable":true,"href":"https:\/\/odellgold.com\/de\/wp-json\/wp\/v2\/users\/129994337"}],"replies":[{"embeddable":true,"href":"https:\/\/odellgold.com\/de\/wp-json\/wp\/v2\/comments?post=702"}],"version-history":[{"count":2,"href":"https:\/\/odellgold.com\/de\/wp-json\/wp\/v2\/pages\/702\/revisions"}],"predecessor-version":[{"id":927,"href":"https:\/\/odellgold.com\/de\/wp-json\/wp\/v2\/pages\/702\/revisions\/927"}],"wp:featuredmedia":[{"embeddable":true,"href":"https:\/\/odellgold.com\/de\/wp-json\/wp\/v2\/media\/335"}],"wp:attachment":[{"href":"https:\/\/odellgold.com\/de\/wp-json\/wp\/v2\/media?parent=702"}],"curies":[{"name":"wp","href":"https:\/\/api.w.org\/{rel}","templated":true}]}}